{"id":1959,"date":"2026-03-02T16:14:01","date_gmt":"2026-03-02T15:14:01","guid":{"rendered":"https:\/\/opera-scriptorium.com\/?post_type=product&#038;p=1959"},"modified":"2026-04-07T10:31:03","modified_gmt":"2026-04-07T08:31:03","slug":"klaeren-entscheiden-neue-lebensausrichtung","status":"publish","type":"product","link":"https:\/\/opera-scriptorium.com\/en\/product\/klaeren-entscheiden-neue-lebensausrichtung\/","title":{"rendered":"Kl\u00e4ren. Entscheiden. Gestalten. &#8211; F\u00fcr Frauen, die ihr Leben bewusst neu ausrichten"},"content":{"rendered":"<div class=\"product-block-list__item product-block-list__item--content\">\n<div class=\"card\">\n<div class=\"card__header\">\n<h3 class=\"card__title heading h3\"><em>Das passiert mir doch nicht.<br \/>\n<\/em><em>Ich mache nicht schlapp. Ich bin stark.<br \/>\nIch habe immer alles geschafft.<br \/>\nIch schaffe auch das hier. Irgendwie wird es schon gehen. <\/em><\/h3>\n<\/div>\n<div class=\"card__section \">\n<div class=\"rte text--pull\">\n<p>Kommen Ihnen solche S\u00e4tze bekannt vor? Mit dieser Haltung hatte mein Leben bis vor wenigen Jahren funktioniert. Und pl\u00f6tzlich sa\u00df ich da und wusste<em>: So geht es nicht weiter. <\/em>Was war passiert? Eigentlich nichts Dramatisches. Ein kleines Ereignis, dem ich unter anderen Umst\u00e4nden nicht viel Bedeutung beigemessen h\u00e4tte. Aber jetzt war es der ber\u00fchmte Tropfen, der das Fass zum \u00dcberlaufen brachte.<br \/>\nIch musste mich neu orientieren und Entscheidungen treffen&#8230;<\/p>\n<p>R\u00fcckblickend betrachtete ich meine urspr\u00fcngliche Situation noch einmal. Aus verschiedenen Gr\u00fcnden hatte ich ein Leben gef\u00fchrt, das sich in einem Hamsterrad aus Erwartungen, Verpflichtungen und festgefahrenen Strukturen abgespielt hatte&#8230;<\/p>\n<p>All diese kreisenden Gedanken, ohne in der Lage zu sein, \u00fcber den Tellerrand zu schauen. Ich erkannte, da musste ich ansetzen, das war der Schl\u00fcssel. Und ich sah, was mir in meinem Prozess der Neuorientierung gefehlt hatte.<\/p>\n<p>Das Wesentliche war, die richtigen Fragen zu stellen. Fragen, die sich an das eigene Lebensmodell richten, um es zu verstehen, ohne etwas zu verurteilen, um zu erkennen, was im Moment noch wichtig ist und was nicht, und um mit den Erkenntnissen und der dadurch entstandenen Klarheit an der eigenen Ausrichtung zu arbeiten und das Leben bewusst neu zu gestalten.<\/p>\n<p>Deshalb habe ich einen Orientierungsprozess entwickelt, der dies erm\u00f6glicht. In einer Kombination aus Audios mit beigef\u00fcgtem Lesetext und 75 Fragen zur Kl\u00e4rung und Vertiefung analysieren Sie die Struktur Ihres Lebensmodells genau und identifizieren sowohl wesentliche Elemente als auch Schwachstellen. Wenn Sie den Ist-Zustand gekl\u00e4rt haben, durchlaufen Sie einen Entscheidungsprozess, der Sie schlie\u00dflich in eine m\u00f6gliche Neuausrichtung und Festigung Ihrer Entscheidung f\u00fchrt.<\/p>\n<p>Alle Dateien stehen Ihnen zum Download zur Verf\u00fcgung.<\/p>\n<p>Entscheidend ist: Klarheit bringt Freiheit. Und aus Freiheit entsteht bewusste Gestaltung.<\/p>\n<p>Dorothee Schr\u00f6der<\/p>\n<\/div>\n<\/div>\n<\/div>\n<\/div>\n","protected":false},"excerpt":{"rendered":"<p>Dieses Audio- und Reflexionsprogramm stellt Ihnen ein klar strukturiertes Modell zur Verf\u00fcgung, das Sie dabei unterst\u00fctzt, Ihre pers\u00f6nliche Situation bewusst zu pr\u00fcfen und neu auszurichten.<\/p>\n<p>Auf der Grundlage eines klar aufgebauten Textes und gezielter Kl\u00e4rungsfragen gewinnen Sie Schritt f\u00fcr Schritt Orientierung. Die Erkenntnisse k\u00f6nnen Sie unmittelbar in konkrete Entscheidungen umsetzen.<\/p>\n<div class=\"product-block-list__item product-block-list__item--content\">\n<div class=\"card\">\n<div class=\"card__header\">\n<p><strong>Das Programm umfasst:<\/strong><\/p>\n<\/div>\n<div class=\"card__section \">\n<div class=\"rte text--pull\">\n<ul>\n<li>ca. 40 Minuten strukturiertes Audio<\/li>\n<li>Audio als zus\u00e4tzlichen Lesetext<\/li>\n<li>Workbook mit 75 Fragen zur Kl\u00e4rung und Vertiefung<\/li>\n<li>alle Dateien zum Download<\/li>\n<\/ul>\n<\/div>\n<\/div>\n<\/div>\n<\/div>\n<p><strong>Klarheit bringt Freiheit. Und aus Freiheit entsteht bewusste Gestaltung.<\/strong><\/p>\n","protected":false},"featured_media":2329,"comment_status":"closed","ping_status":"closed","template":"","meta":[],"product_brand":[],"product_cat":[150,151],"product_tag":[147,148,144,152,133,146,145],"class_list":{"0":"post-1959","1":"product","2":"type-product","3":"status-publish","4":"has-post-thumbnail","6":"product_cat-neuorientierung","7":"product_cat-veraenderung","8":"product_tag-lebensphase-veraenderung","9":"product_tag-neu-ausrichten-im-leben","10":"product_tag-neuanfang-fuer-frauen","11":"product_tag-neuorientierung","12":"product_tag-persoenliche-neuorientierung","13":"product_tag-umbruchphase-frau","14":"product_tag-zweite-lebenshaelfte-gestalten","16":"first","17":"instock","18":"downloadable","19":"virtual","20":"taxable","21":"purchasable","22":"product-type-simple"},"yoast_head":"<!-- This site is optimized with the Yoast SEO plugin v27.5 - https:\/\/yoast.com\/product\/yoast-seo-wordpress\/ -->\n<title>Kl\u00e4ren. Entscheiden. Gestalten.<\/title>\n<meta name=\"description\" content=\"Ein Audio- und Reflexionsprogramm f\u00fcr Frauen, die Klarheit gewinnen m\u00f6chten und sich eine neue Lebensausrichtung w\u00fcnschen.\" \/>\n<meta name=\"robots\" content=\"index, follow, max-snippet:-1, max-image-preview:large, max-video-preview:-1\" \/>\n<link rel=\"canonical\" href=\"https:\/\/opera-scriptorium.com\/en\/product\/klaeren-entscheiden-neue-lebensausrichtung\/\" \/>\n<meta property=\"og:locale\" content=\"en_US\" \/>\n<meta property=\"og:type\" content=\"article\" \/>\n<meta property=\"og:title\" content=\"Kl\u00e4ren. Entscheiden. Gestalten.\" \/>\n<meta property=\"og:description\" content=\"Ein Audio- und Reflexionsprogramm f\u00fcr Frauen, die Klarheit gewinnen m\u00f6chten und sich eine neue Lebensausrichtung w\u00fcnschen.\" \/>\n<meta property=\"og:url\" content=\"https:\/\/opera-scriptorium.com\/en\/product\/klaeren-entscheiden-neue-lebensausrichtung\/\" \/>\n<meta property=\"og:site_name\" content=\"opera-scriptorium.com\" \/>\n<meta property=\"article:modified_time\" content=\"2026-04-07T08:31:03+00:00\" \/>\n<meta property=\"og:image\" content=\"https:\/\/opera-scriptorium.com\/wp-content\/uploads\/Klaeren.-Entscheiden.-Gestalten-8.png\" \/>\n\t<meta property=\"og:image:width\" content=\"595\" \/>\n\t<meta property=\"og:image:height\" content=\"842\" \/>\n\t<meta property=\"og:image:type\" content=\"image\/png\" \/>\n<meta name=\"twitter:card\" content=\"summary_large_image\" \/>\n<meta name=\"twitter:label1\" content=\"Est. reading time\" \/>\n\t<meta name=\"twitter:data1\" content=\"2 minutes\" \/>\n<script type=\"application\/ld+json\" class=\"yoast-schema-graph\">{\"@context\":\"https:\\\/\\\/schema.org\",\"@graph\":[{\"@type\":\"WebPage\",\"@id\":\"https:\\\/\\\/opera-scriptorium.com\\\/en\\\/product\\\/klaeren-entscheiden-neue-lebensausrichtung\\\/\",\"url\":\"https:\\\/\\\/opera-scriptorium.com\\\/en\\\/product\\\/klaeren-entscheiden-neue-lebensausrichtung\\\/\",\"name\":\"Kl\u00e4ren. Entscheiden. Gestalten.\",\"isPartOf\":{\"@id\":\"https:\\\/\\\/opera-scriptorium.com\\\/en\\\/#website\"},\"primaryImageOfPage\":{\"@id\":\"https:\\\/\\\/opera-scriptorium.com\\\/en\\\/product\\\/klaeren-entscheiden-neue-lebensausrichtung\\\/#primaryimage\"},\"image\":{\"@id\":\"https:\\\/\\\/opera-scriptorium.com\\\/en\\\/product\\\/klaeren-entscheiden-neue-lebensausrichtung\\\/#primaryimage\"},\"thumbnailUrl\":\"https:\\\/\\\/opera-scriptorium.com\\\/wp-content\\\/uploads\\\/Klaeren.-Entscheiden.-Gestalten-8.png\",\"datePublished\":\"2026-03-02T15:14:01+00:00\",\"dateModified\":\"2026-04-07T08:31:03+00:00\",\"description\":\"Ein Audio- und Reflexionsprogramm f\u00fcr Frauen, die Klarheit gewinnen m\u00f6chten und sich eine neue Lebensausrichtung w\u00fcnschen.\",\"breadcrumb\":{\"@id\":\"https:\\\/\\\/opera-scriptorium.com\\\/en\\\/product\\\/klaeren-entscheiden-neue-lebensausrichtung\\\/#breadcrumb\"},\"inLanguage\":\"en-US\",\"potentialAction\":[{\"@type\":\"ReadAction\",\"target\":[\"https:\\\/\\\/opera-scriptorium.com\\\/en\\\/product\\\/klaeren-entscheiden-neue-lebensausrichtung\\\/\"]}]},{\"@type\":\"ImageObject\",\"inLanguage\":\"en-US\",\"@id\":\"https:\\\/\\\/opera-scriptorium.com\\\/en\\\/product\\\/klaeren-entscheiden-neue-lebensausrichtung\\\/#primaryimage\",\"url\":\"https:\\\/\\\/opera-scriptorium.com\\\/wp-content\\\/uploads\\\/Klaeren.-Entscheiden.-Gestalten-8.png\",\"contentUrl\":\"https:\\\/\\\/opera-scriptorium.com\\\/wp-content\\\/uploads\\\/Klaeren.-Entscheiden.-Gestalten-8.png\",\"width\":595,\"height\":842,\"caption\":\"Neue Lebensausrichtung\"},{\"@type\":\"BreadcrumbList\",\"@id\":\"https:\\\/\\\/opera-scriptorium.com\\\/en\\\/product\\\/klaeren-entscheiden-neue-lebensausrichtung\\\/#breadcrumb\",\"itemListElement\":[{\"@type\":\"ListItem\",\"position\":1,\"name\":\"Startseite\",\"item\":\"https:\\\/\\\/opera-scriptorium.com\\\/en\\\/\"},{\"@type\":\"ListItem\",\"position\":2,\"name\":\"Shop\",\"item\":\"https:\\\/\\\/opera-scriptorium.com\\\/shop\\\/\"},{\"@type\":\"ListItem\",\"position\":3,\"name\":\"Kl\u00e4ren. Entscheiden. Gestalten. &#8211; F\u00fcr Frauen, die ihr Leben bewusst neu ausrichten\"}]},{\"@type\":\"WebSite\",\"@id\":\"https:\\\/\\\/opera-scriptorium.com\\\/en\\\/#website\",\"url\":\"https:\\\/\\\/opera-scriptorium.com\\\/en\\\/\",\"name\":\"opera-scriptorium.com\",\"description\":\"\",\"publisher\":{\"@id\":\"https:\\\/\\\/opera-scriptorium.com\\\/en\\\/#organization\"},\"potentialAction\":[{\"@type\":\"SearchAction\",\"target\":{\"@type\":\"EntryPoint\",\"urlTemplate\":\"https:\\\/\\\/opera-scriptorium.com\\\/en\\\/?s={search_term_string}\"},\"query-input\":{\"@type\":\"PropertyValueSpecification\",\"valueRequired\":true,\"valueName\":\"search_term_string\"}}],\"inLanguage\":\"en-US\"},{\"@type\":\"Organization\",\"@id\":\"https:\\\/\\\/opera-scriptorium.com\\\/en\\\/#organization\",\"name\":\"opera-scriptorium.com\",\"url\":\"https:\\\/\\\/opera-scriptorium.com\\\/en\\\/\",\"logo\":{\"@type\":\"ImageObject\",\"inLanguage\":\"en-US\",\"@id\":\"https:\\\/\\\/opera-scriptorium.com\\\/en\\\/#\\\/schema\\\/logo\\\/image\\\/\",\"url\":\"https:\\\/\\\/opera-scriptorium.com\\\/wp-content\\\/uploads\\\/finale-Wort-Bild-Marke.svg.svg\",\"contentUrl\":\"https:\\\/\\\/opera-scriptorium.com\\\/wp-content\\\/uploads\\\/finale-Wort-Bild-Marke.svg.svg\",\"width\":1237,\"height\":260,\"caption\":\"opera-scriptorium.com\"},\"image\":{\"@id\":\"https:\\\/\\\/opera-scriptorium.com\\\/en\\\/#\\\/schema\\\/logo\\\/image\\\/\"}}]}<\/script>\n<!-- \/ Yoast SEO plugin. -->","yoast_head_json":{"title":"Kl\u00e4ren. Entscheiden. Gestalten.","description":"Ein Audio- und Reflexionsprogramm f\u00fcr Frauen, die Klarheit gewinnen m\u00f6chten und sich eine neue Lebensausrichtung w\u00fcnschen.","robots":{"index":"index","follow":"follow","max-snippet":"max-snippet:-1","max-image-preview":"max-image-preview:large","max-video-preview":"max-video-preview:-1"},"canonical":"https:\/\/opera-scriptorium.com\/en\/product\/klaeren-entscheiden-neue-lebensausrichtung\/","og_locale":"en_US","og_type":"article","og_title":"Kl\u00e4ren. Entscheiden. Gestalten.","og_description":"Ein Audio- und Reflexionsprogramm f\u00fcr Frauen, die Klarheit gewinnen m\u00f6chten und sich eine neue Lebensausrichtung w\u00fcnschen.","og_url":"https:\/\/opera-scriptorium.com\/en\/product\/klaeren-entscheiden-neue-lebensausrichtung\/","og_site_name":"opera-scriptorium.com","article_modified_time":"2026-04-07T08:31:03+00:00","og_image":[{"width":595,"height":842,"url":"https:\/\/opera-scriptorium.com\/wp-content\/uploads\/Klaeren.-Entscheiden.-Gestalten-8.png","type":"image\/png"}],"twitter_card":"summary_large_image","twitter_misc":{"Est. reading time":"2 minutes"},"schema":{"@context":"https:\/\/schema.org","@graph":[{"@type":"WebPage","@id":"https:\/\/opera-scriptorium.com\/en\/product\/klaeren-entscheiden-neue-lebensausrichtung\/","url":"https:\/\/opera-scriptorium.com\/en\/product\/klaeren-entscheiden-neue-lebensausrichtung\/","name":"Kl\u00e4ren. Entscheiden. Gestalten.","isPartOf":{"@id":"https:\/\/opera-scriptorium.com\/en\/#website"},"primaryImageOfPage":{"@id":"https:\/\/opera-scriptorium.com\/en\/product\/klaeren-entscheiden-neue-lebensausrichtung\/#primaryimage"},"image":{"@id":"https:\/\/opera-scriptorium.com\/en\/product\/klaeren-entscheiden-neue-lebensausrichtung\/#primaryimage"},"thumbnailUrl":"https:\/\/opera-scriptorium.com\/wp-content\/uploads\/Klaeren.-Entscheiden.-Gestalten-8.png","datePublished":"2026-03-02T15:14:01+00:00","dateModified":"2026-04-07T08:31:03+00:00","description":"Ein Audio- und Reflexionsprogramm f\u00fcr Frauen, die Klarheit gewinnen m\u00f6chten und sich eine neue Lebensausrichtung w\u00fcnschen.","breadcrumb":{"@id":"https:\/\/opera-scriptorium.com\/en\/product\/klaeren-entscheiden-neue-lebensausrichtung\/#breadcrumb"},"inLanguage":"en-US","potentialAction":[{"@type":"ReadAction","target":["https:\/\/opera-scriptorium.com\/en\/product\/klaeren-entscheiden-neue-lebensausrichtung\/"]}]},{"@type":"ImageObject","inLanguage":"en-US","@id":"https:\/\/opera-scriptorium.com\/en\/product\/klaeren-entscheiden-neue-lebensausrichtung\/#primaryimage","url":"https:\/\/opera-scriptorium.com\/wp-content\/uploads\/Klaeren.-Entscheiden.-Gestalten-8.png","contentUrl":"https:\/\/opera-scriptorium.com\/wp-content\/uploads\/Klaeren.-Entscheiden.-Gestalten-8.png","width":595,"height":842,"caption":"Neue Lebensausrichtung"},{"@type":"BreadcrumbList","@id":"https:\/\/opera-scriptorium.com\/en\/product\/klaeren-entscheiden-neue-lebensausrichtung\/#breadcrumb","itemListElement":[{"@type":"ListItem","position":1,"name":"Startseite","item":"https:\/\/opera-scriptorium.com\/en\/"},{"@type":"ListItem","position":2,"name":"Shop","item":"https:\/\/opera-scriptorium.com\/shop\/"},{"@type":"ListItem","position":3,"name":"Kl\u00e4ren. Entscheiden. Gestalten. &#8211; F\u00fcr Frauen, die ihr Leben bewusst neu ausrichten"}]},{"@type":"WebSite","@id":"https:\/\/opera-scriptorium.com\/en\/#website","url":"https:\/\/opera-scriptorium.com\/en\/","name":"opera-scriptorium.com","description":"","publisher":{"@id":"https:\/\/opera-scriptorium.com\/en\/#organization"},"potentialAction":[{"@type":"SearchAction","target":{"@type":"EntryPoint","urlTemplate":"https:\/\/opera-scriptorium.com\/en\/?s={search_term_string}"},"query-input":{"@type":"PropertyValueSpecification","valueRequired":true,"valueName":"search_term_string"}}],"inLanguage":"en-US"},{"@type":"Organization","@id":"https:\/\/opera-scriptorium.com\/en\/#organization","name":"opera-scriptorium.com","url":"https:\/\/opera-scriptorium.com\/en\/","logo":{"@type":"ImageObject","inLanguage":"en-US","@id":"https:\/\/opera-scriptorium.com\/en\/#\/schema\/logo\/image\/","url":"https:\/\/opera-scriptorium.com\/wp-content\/uploads\/finale-Wort-Bild-Marke.svg.svg","contentUrl":"https:\/\/opera-scriptorium.com\/wp-content\/uploads\/finale-Wort-Bild-Marke.svg.svg","width":1237,"height":260,"caption":"opera-scriptorium.com"},"image":{"@id":"https:\/\/opera-scriptorium.com\/en\/#\/schema\/logo\/image\/"}}]}},"_links":{"self":[{"href":"https:\/\/opera-scriptorium.com\/en\/wp-json\/wp\/v2\/product\/1959","targetHints":{"allow":["GET"]}}],"collection":[{"href":"https:\/\/opera-scriptorium.com\/en\/wp-json\/wp\/v2\/product"}],"about":[{"href":"https:\/\/opera-scriptorium.com\/en\/wp-json\/wp\/v2\/types\/product"}],"replies":[{"embeddable":true,"href":"https:\/\/opera-scriptorium.com\/en\/wp-json\/wp\/v2\/comments?post=1959"}],"wp:featuredmedia":[{"embeddable":true,"href":"https:\/\/opera-scriptorium.com\/en\/wp-json\/wp\/v2\/media\/2329"}],"wp:attachment":[{"href":"https:\/\/opera-scriptorium.com\/en\/wp-json\/wp\/v2\/media?parent=1959"}],"wp:term":[{"taxonomy":"product_brand","embeddable":true,"href":"https:\/\/opera-scriptorium.com\/en\/wp-json\/wp\/v2\/product_brand?post=1959"},{"taxonomy":"product_cat","embeddable":true,"href":"https:\/\/opera-scriptorium.com\/en\/wp-json\/wp\/v2\/product_cat?post=1959"},{"taxonomy":"product_tag","embeddable":true,"href":"https:\/\/opera-scriptorium.com\/en\/wp-json\/wp\/v2\/product_tag?post=1959"}],"curies":[{"name":"wp","href":"https:\/\/api.w.org\/{rel}","templated":true}]}}