{"id":1594,"date":"2025-06-30T13:48:20","date_gmt":"2025-06-30T11:48:20","guid":{"rendered":"https:\/\/opera-scriptorium.com\/?post_type=product&#038;p=1594"},"modified":"2026-02-03T09:32:21","modified_gmt":"2026-02-03T08:32:21","slug":"roman-schreiben-schreibratgeber","status":"publish","type":"product","link":"https:\/\/opera-scriptorium.com\/en\/product\/roman-schreiben-schreibratgeber\/","title":{"rendered":"Dein Weg zum eigenen Roman \u2013 Schreibratgeber &#038; Workbook"},"content":{"rendered":"<p data-start=\"646\" data-end=\"681\"><strong data-start=\"646\" data-end=\"681\">Dein Weg zum eigenen Roman!\u00a0<\/strong><\/p>\n<p data-start=\"686\" data-end=\"897\">Du willst deinen eigenen Roman schreiben, wei\u00dft aber nicht, wie du anfangen sollst oder bleibst immer wieder mittendrin stecken?\u00a0<br data-start=\"783\" data-end=\"786\" \/>Dann ist dieser Schreibratgeber genau das Richtige f\u00fcr dich. <strong data-start=\"622\" data-end=\"654\">\u201eDein Weg zum eigenen Roman\u201c<\/strong> ist dein praktischer Begleiter auf dem gesamten Weg vom ersten Gedanken bis zum fertigen Manuskript.<\/p>\n<p data-start=\"902\" data-end=\"1184\"><strong data-start=\"902\" data-end=\"934\">\u201eDein Weg zum eigenen Roman\u201c<\/strong> ist ein praktischer Schreibratgeber f\u00fcr alle, die einen Roman schreiben wollen. Mit klaren Strukturen, motivierenden \u00dcbungen und fundierten Tipps aus der Schreibpraxis f\u00fchrt dich dieses E-Book durch alle wichtigen Schritte des Schreibprozesses.<\/p>\n<p data-start=\"1189\" data-end=\"1210\"><strong data-start=\"1192\" data-end=\"1210\">Was du lernst:<\/strong><\/p>\n<ul data-start=\"1215\" data-end=\"1541\">\n<li data-start=\"1215\" data-end=\"1271\">\n<p data-start=\"1217\" data-end=\"1271\">Wie du deine Romanidee entwickelst und strukturierst<\/p>\n<\/li>\n<li data-start=\"1274\" data-end=\"1334\">\n<p data-start=\"1276\" data-end=\"1334\">Wie du lebendige, glaubw\u00fcrdige Figuren erschaffst, die deine Leser:innen fesseln<\/p>\n<\/li>\n<li data-start=\"1337\" data-end=\"1402\">\n<p data-start=\"1339\" data-end=\"1402\">Wie du Spannung aufbaust und einen stimmigen Plot entwickelst<\/p>\n<\/li>\n<li data-start=\"1405\" data-end=\"1462\">\n<p data-start=\"1407\" data-end=\"1462\">Welche Erz\u00e4hlperspektive sich f\u00fcr deinen Roman eignet<\/p>\n<\/li>\n<\/ul>\n<p data-start=\"1544\" data-end=\"1694\">Mit vielen konkreten \u00dcbungen und Profi-Tipps aus der Praxis einer <a href=\"https:\/\/opera-scriptorium.com\/\" target=\"_blank\" rel=\"noopener\">Literaturagentur<\/a>.<\/p>\n<p data-start=\"1544\" data-end=\"1694\">Ob du gerade erst mit dem Schreiben beginnst oder schon l\u00e4nger mit einer Romanidee spielst: Dieser Ratgeber vermittelt dir das n\u00f6tige Handwerkszeug, um strukturiert und motiviert zu arbeiten. Du bekommst nicht nur wertvolle Tipps zur Figurenentwicklung, Plotstruktur und Erz\u00e4hlperspektive, sondern auch konkrete \u00dcbungen, mit denen du sofort ins Schreiben kommst.<\/p>\n<p data-start=\"1544\" data-end=\"1694\">Der Ratgeber ist bewusst praxisnah, verst\u00e4ndlich und motivierend geschrieben. Keine trockene Theorie, sondern ein Werkzeugkasten f\u00fcr dein eigenes Buchprojekt. <strong data-start=\"1875\" data-end=\"1907\">\u201eDein Weg zum eigenen Roman\u201c<\/strong> hilft dir dabei, deinen Schreibprozess zu strukturieren, dranzubleiben und deine Geschichte zu Ende zu erz\u00e4hlen.<\/p>\n<p data-start=\"1544\" data-end=\"1694\"><strong>Mach dich auf den Weg zu deinem ersten eigenen Roman!<\/strong><\/p>\n<p data-start=\"795\" data-end=\"890\">\n","protected":false},"excerpt":{"rendered":"<p>Du willst deinen eigenen Roman schreiben? Dieser praxisnahe Schreibratgeber zeigt dir Schritt f\u00fcr Schritt, wie du aus deiner Idee ein fertiges Manuskript machst.<\/p>\n","protected":false},"featured_media":1867,"comment_status":"closed","ping_status":"closed","template":"","meta":[],"product_brand":[],"product_cat":[90],"product_tag":[100,93,97,99,98,95,91,96,94,92],"class_list":{"0":"post-1594","1":"product","2":"type-product","3":"status-publish","4":"has-post-thumbnail","6":"product_cat-e-book","7":"product_tag-autor-werden","8":"product_tag-buch-schreiben-lernen","9":"product_tag-figuren-entwickeln","10":"product_tag-kreatives-schreiben","11":"product_tag-plotstruktur","12":"product_tag-roman-planen","13":"product_tag-roman-schreiben","14":"product_tag-schreiben-lernen","15":"product_tag-schreibprozess","16":"product_tag-schreibratgeber","18":"first","19":"instock","20":"downloadable","21":"virtual","22":"taxable","23":"purchasable","24":"product-type-simple"},"yoast_head":"<!-- This site is optimized with the Yoast SEO plugin v27.5 - https:\/\/yoast.com\/product\/yoast-seo-wordpress\/ -->\n<title>Roman schreiben - Schreibratgeber &amp; Workbook - opera-scriptorium.com<\/title>\n<meta name=\"description\" content=\"Du willst einen Roman schreiben? Dieser praxisnahe Schreibratgeber begleitet dich von der Idee bis zum fertigen Manuskript \u2013 mit Tipps, \u00dcbungen &amp; Struktur.\" \/>\n<meta name=\"robots\" content=\"index, follow, max-snippet:-1, max-image-preview:large, max-video-preview:-1\" \/>\n<link rel=\"canonical\" href=\"https:\/\/opera-scriptorium.com\/en\/product\/roman-schreiben-schreibratgeber\/\" \/>\n<meta property=\"og:locale\" content=\"en_US\" \/>\n<meta property=\"og:type\" content=\"article\" \/>\n<meta property=\"og:title\" content=\"Roman schreiben - Schreibratgeber &amp; Workbook - opera-scriptorium.com\" \/>\n<meta property=\"og:description\" content=\"Du willst einen Roman schreiben? Dieser praxisnahe Schreibratgeber begleitet dich von der Idee bis zum fertigen Manuskript \u2013 mit Tipps, \u00dcbungen &amp; Struktur.\" \/>\n<meta property=\"og:url\" content=\"https:\/\/opera-scriptorium.com\/en\/product\/roman-schreiben-schreibratgeber\/\" \/>\n<meta property=\"og:site_name\" content=\"opera-scriptorium.com\" \/>\n<meta property=\"article:modified_time\" content=\"2026-02-03T08:32:21+00:00\" \/>\n<meta property=\"og:image\" content=\"https:\/\/opera-scriptorium.com\/wp-content\/uploads\/Roman-schreiben-Schreibratgeber-von-Opera-Scriptorium-2.png\" \/>\n\t<meta property=\"og:image:width\" content=\"595\" \/>\n\t<meta property=\"og:image:height\" content=\"842\" \/>\n\t<meta property=\"og:image:type\" content=\"image\/png\" \/>\n<meta name=\"twitter:card\" content=\"summary_large_image\" \/>\n<meta name=\"twitter:label1\" content=\"Est. reading time\" \/>\n\t<meta name=\"twitter:data1\" content=\"2 minutes\" \/>\n<script type=\"application\/ld+json\" class=\"yoast-schema-graph\">{\"@context\":\"https:\\\/\\\/schema.org\",\"@graph\":[{\"@type\":\"WebPage\",\"@id\":\"https:\\\/\\\/opera-scriptorium.com\\\/en\\\/product\\\/roman-schreiben-schreibratgeber\\\/\",\"url\":\"https:\\\/\\\/opera-scriptorium.com\\\/en\\\/product\\\/roman-schreiben-schreibratgeber\\\/\",\"name\":\"Roman schreiben - Schreibratgeber & Workbook - opera-scriptorium.com\",\"isPartOf\":{\"@id\":\"https:\\\/\\\/opera-scriptorium.com\\\/en\\\/#website\"},\"primaryImageOfPage\":{\"@id\":\"https:\\\/\\\/opera-scriptorium.com\\\/en\\\/product\\\/roman-schreiben-schreibratgeber\\\/#primaryimage\"},\"image\":{\"@id\":\"https:\\\/\\\/opera-scriptorium.com\\\/en\\\/product\\\/roman-schreiben-schreibratgeber\\\/#primaryimage\"},\"thumbnailUrl\":\"https:\\\/\\\/opera-scriptorium.com\\\/wp-content\\\/uploads\\\/Roman-schreiben-Schreibratgeber-von-Opera-Scriptorium-2.png\",\"datePublished\":\"2025-06-30T11:48:20+00:00\",\"dateModified\":\"2026-02-03T08:32:21+00:00\",\"description\":\"Du willst einen Roman schreiben? Dieser praxisnahe Schreibratgeber begleitet dich von der Idee bis zum fertigen Manuskript \u2013 mit Tipps, \u00dcbungen & Struktur.\",\"breadcrumb\":{\"@id\":\"https:\\\/\\\/opera-scriptorium.com\\\/en\\\/product\\\/roman-schreiben-schreibratgeber\\\/#breadcrumb\"},\"inLanguage\":\"en-US\",\"potentialAction\":[{\"@type\":\"ReadAction\",\"target\":[\"https:\\\/\\\/opera-scriptorium.com\\\/en\\\/product\\\/roman-schreiben-schreibratgeber\\\/\"]}]},{\"@type\":\"ImageObject\",\"inLanguage\":\"en-US\",\"@id\":\"https:\\\/\\\/opera-scriptorium.com\\\/en\\\/product\\\/roman-schreiben-schreibratgeber\\\/#primaryimage\",\"url\":\"https:\\\/\\\/opera-scriptorium.com\\\/wp-content\\\/uploads\\\/Roman-schreiben-Schreibratgeber-von-Opera-Scriptorium-2.png\",\"contentUrl\":\"https:\\\/\\\/opera-scriptorium.com\\\/wp-content\\\/uploads\\\/Roman-schreiben-Schreibratgeber-von-Opera-Scriptorium-2.png\",\"width\":595,\"height\":842,\"caption\":\"Roman-schreiben-Schreibratgeber-von-Opera-Scriptorium\"},{\"@type\":\"BreadcrumbList\",\"@id\":\"https:\\\/\\\/opera-scriptorium.com\\\/en\\\/product\\\/roman-schreiben-schreibratgeber\\\/#breadcrumb\",\"itemListElement\":[{\"@type\":\"ListItem\",\"position\":1,\"name\":\"Startseite\",\"item\":\"https:\\\/\\\/opera-scriptorium.com\\\/en\\\/\"},{\"@type\":\"ListItem\",\"position\":2,\"name\":\"Shop\",\"item\":\"https:\\\/\\\/opera-scriptorium.com\\\/shop\\\/\"},{\"@type\":\"ListItem\",\"position\":3,\"name\":\"Dein Weg zum eigenen Roman \u2013 Schreibratgeber &#038; Workbook\"}]},{\"@type\":\"WebSite\",\"@id\":\"https:\\\/\\\/opera-scriptorium.com\\\/en\\\/#website\",\"url\":\"https:\\\/\\\/opera-scriptorium.com\\\/en\\\/\",\"name\":\"opera-scriptorium.com\",\"description\":\"\",\"publisher\":{\"@id\":\"https:\\\/\\\/opera-scriptorium.com\\\/en\\\/#organization\"},\"potentialAction\":[{\"@type\":\"SearchAction\",\"target\":{\"@type\":\"EntryPoint\",\"urlTemplate\":\"https:\\\/\\\/opera-scriptorium.com\\\/en\\\/?s={search_term_string}\"},\"query-input\":{\"@type\":\"PropertyValueSpecification\",\"valueRequired\":true,\"valueName\":\"search_term_string\"}}],\"inLanguage\":\"en-US\"},{\"@type\":\"Organization\",\"@id\":\"https:\\\/\\\/opera-scriptorium.com\\\/en\\\/#organization\",\"name\":\"opera-scriptorium.com\",\"url\":\"https:\\\/\\\/opera-scriptorium.com\\\/en\\\/\",\"logo\":{\"@type\":\"ImageObject\",\"inLanguage\":\"en-US\",\"@id\":\"https:\\\/\\\/opera-scriptorium.com\\\/en\\\/#\\\/schema\\\/logo\\\/image\\\/\",\"url\":\"https:\\\/\\\/opera-scriptorium.com\\\/wp-content\\\/uploads\\\/finale-Wort-Bild-Marke.svg.svg\",\"contentUrl\":\"https:\\\/\\\/opera-scriptorium.com\\\/wp-content\\\/uploads\\\/finale-Wort-Bild-Marke.svg.svg\",\"width\":1237,\"height\":260,\"caption\":\"opera-scriptorium.com\"},\"image\":{\"@id\":\"https:\\\/\\\/opera-scriptorium.com\\\/en\\\/#\\\/schema\\\/logo\\\/image\\\/\"}}]}<\/script>\n<!-- \/ Yoast SEO plugin. -->","yoast_head_json":{"title":"Roman schreiben - Schreibratgeber & Workbook - opera-scriptorium.com","description":"Du willst einen Roman schreiben? Dieser praxisnahe Schreibratgeber begleitet dich von der Idee bis zum fertigen Manuskript \u2013 mit Tipps, \u00dcbungen & Struktur.","robots":{"index":"index","follow":"follow","max-snippet":"max-snippet:-1","max-image-preview":"max-image-preview:large","max-video-preview":"max-video-preview:-1"},"canonical":"https:\/\/opera-scriptorium.com\/en\/product\/roman-schreiben-schreibratgeber\/","og_locale":"en_US","og_type":"article","og_title":"Roman schreiben - Schreibratgeber & Workbook - opera-scriptorium.com","og_description":"Du willst einen Roman schreiben? Dieser praxisnahe Schreibratgeber begleitet dich von der Idee bis zum fertigen Manuskript \u2013 mit Tipps, \u00dcbungen & Struktur.","og_url":"https:\/\/opera-scriptorium.com\/en\/product\/roman-schreiben-schreibratgeber\/","og_site_name":"opera-scriptorium.com","article_modified_time":"2026-02-03T08:32:21+00:00","og_image":[{"width":595,"height":842,"url":"https:\/\/opera-scriptorium.com\/wp-content\/uploads\/Roman-schreiben-Schreibratgeber-von-Opera-Scriptorium-2.png","type":"image\/png"}],"twitter_card":"summary_large_image","twitter_misc":{"Est. reading time":"2 minutes"},"schema":{"@context":"https:\/\/schema.org","@graph":[{"@type":"WebPage","@id":"https:\/\/opera-scriptorium.com\/en\/product\/roman-schreiben-schreibratgeber\/","url":"https:\/\/opera-scriptorium.com\/en\/product\/roman-schreiben-schreibratgeber\/","name":"Roman schreiben - Schreibratgeber & Workbook - opera-scriptorium.com","isPartOf":{"@id":"https:\/\/opera-scriptorium.com\/en\/#website"},"primaryImageOfPage":{"@id":"https:\/\/opera-scriptorium.com\/en\/product\/roman-schreiben-schreibratgeber\/#primaryimage"},"image":{"@id":"https:\/\/opera-scriptorium.com\/en\/product\/roman-schreiben-schreibratgeber\/#primaryimage"},"thumbnailUrl":"https:\/\/opera-scriptorium.com\/wp-content\/uploads\/Roman-schreiben-Schreibratgeber-von-Opera-Scriptorium-2.png","datePublished":"2025-06-30T11:48:20+00:00","dateModified":"2026-02-03T08:32:21+00:00","description":"Du willst einen Roman schreiben? Dieser praxisnahe Schreibratgeber begleitet dich von der Idee bis zum fertigen Manuskript \u2013 mit Tipps, \u00dcbungen & Struktur.","breadcrumb":{"@id":"https:\/\/opera-scriptorium.com\/en\/product\/roman-schreiben-schreibratgeber\/#breadcrumb"},"inLanguage":"en-US","potentialAction":[{"@type":"ReadAction","target":["https:\/\/opera-scriptorium.com\/en\/product\/roman-schreiben-schreibratgeber\/"]}]},{"@type":"ImageObject","inLanguage":"en-US","@id":"https:\/\/opera-scriptorium.com\/en\/product\/roman-schreiben-schreibratgeber\/#primaryimage","url":"https:\/\/opera-scriptorium.com\/wp-content\/uploads\/Roman-schreiben-Schreibratgeber-von-Opera-Scriptorium-2.png","contentUrl":"https:\/\/opera-scriptorium.com\/wp-content\/uploads\/Roman-schreiben-Schreibratgeber-von-Opera-Scriptorium-2.png","width":595,"height":842,"caption":"Roman-schreiben-Schreibratgeber-von-Opera-Scriptorium"},{"@type":"BreadcrumbList","@id":"https:\/\/opera-scriptorium.com\/en\/product\/roman-schreiben-schreibratgeber\/#breadcrumb","itemListElement":[{"@type":"ListItem","position":1,"name":"Startseite","item":"https:\/\/opera-scriptorium.com\/en\/"},{"@type":"ListItem","position":2,"name":"Shop","item":"https:\/\/opera-scriptorium.com\/shop\/"},{"@type":"ListItem","position":3,"name":"Dein Weg zum eigenen Roman \u2013 Schreibratgeber &#038; Workbook"}]},{"@type":"WebSite","@id":"https:\/\/opera-scriptorium.com\/en\/#website","url":"https:\/\/opera-scriptorium.com\/en\/","name":"opera-scriptorium.com","description":"","publisher":{"@id":"https:\/\/opera-scriptorium.com\/en\/#organization"},"potentialAction":[{"@type":"SearchAction","target":{"@type":"EntryPoint","urlTemplate":"https:\/\/opera-scriptorium.com\/en\/?s={search_term_string}"},"query-input":{"@type":"PropertyValueSpecification","valueRequired":true,"valueName":"search_term_string"}}],"inLanguage":"en-US"},{"@type":"Organization","@id":"https:\/\/opera-scriptorium.com\/en\/#organization","name":"opera-scriptorium.com","url":"https:\/\/opera-scriptorium.com\/en\/","logo":{"@type":"ImageObject","inLanguage":"en-US","@id":"https:\/\/opera-scriptorium.com\/en\/#\/schema\/logo\/image\/","url":"https:\/\/opera-scriptorium.com\/wp-content\/uploads\/finale-Wort-Bild-Marke.svg.svg","contentUrl":"https:\/\/opera-scriptorium.com\/wp-content\/uploads\/finale-Wort-Bild-Marke.svg.svg","width":1237,"height":260,"caption":"opera-scriptorium.com"},"image":{"@id":"https:\/\/opera-scriptorium.com\/en\/#\/schema\/logo\/image\/"}}]}},"_links":{"self":[{"href":"https:\/\/opera-scriptorium.com\/en\/wp-json\/wp\/v2\/product\/1594","targetHints":{"allow":["GET"]}}],"collection":[{"href":"https:\/\/opera-scriptorium.com\/en\/wp-json\/wp\/v2\/product"}],"about":[{"href":"https:\/\/opera-scriptorium.com\/en\/wp-json\/wp\/v2\/types\/product"}],"replies":[{"embeddable":true,"href":"https:\/\/opera-scriptorium.com\/en\/wp-json\/wp\/v2\/comments?post=1594"}],"wp:featuredmedia":[{"embeddable":true,"href":"https:\/\/opera-scriptorium.com\/en\/wp-json\/wp\/v2\/media\/1867"}],"wp:attachment":[{"href":"https:\/\/opera-scriptorium.com\/en\/wp-json\/wp\/v2\/media?parent=1594"}],"wp:term":[{"taxonomy":"product_brand","embeddable":true,"href":"https:\/\/opera-scriptorium.com\/en\/wp-json\/wp\/v2\/product_brand?post=1594"},{"taxonomy":"product_cat","embeddable":true,"href":"https:\/\/opera-scriptorium.com\/en\/wp-json\/wp\/v2\/product_cat?post=1594"},{"taxonomy":"product_tag","embeddable":true,"href":"https:\/\/opera-scriptorium.com\/en\/wp-json\/wp\/v2\/product_tag?post=1594"}],"curies":[{"name":"wp","href":"https:\/\/api.w.org\/{rel}","templated":true}]}}